{"id":5437,"date":"2025-08-25T16:37:29","date_gmt":"2025-08-25T16:37:29","guid":{"rendered":"https:\/\/balilife-bodycare.com\/?post_type=product&#038;p=5437"},"modified":"2026-04-03T07:54:26","modified_gmt":"2026-04-03T07:54:26","slug":"harum-body-cream-jasmine-cananga","status":"publish","type":"product","link":"https:\/\/balilife-bodycare.com\/es\/producto\/harum-body-cream-jasmine-cananga\/","title":{"rendered":"Harum Crema Corporal \u2013 Jazm\u00edn &amp; Cananga"},"content":{"rendered":"<p>Disfruta de la suntuosa caricia de la Crema Corporal Harum, una aterciopelada fusi\u00f3n de hidrataci\u00f3n y protecci\u00f3n infusionada con la elegancia eterna del jazm\u00edn y la calidez sensual del ylang-ylang. Esta crema se funde sin esfuerzo en la piel, dej\u00e1ndola exquisitamente suave y delicadamente perfumada: un abrazo de lujo que perdura todo el d\u00eda.<\/p>\n<p>Creada para evocar el esp\u00edritu de los rituales de belleza balineses, esta lujosa crema:<\/p>\n<ul>\n<li>Proporciona una hidrataci\u00f3n intensa y duradera<\/li>\n<li>Protege la piel con el cuidado natural de las plantas<\/li>\n<li>Deja un rastro de sofisticada fragancia floral<\/li>\n<\/ul>\n<p><strong>C\u00f3mo Usar:<\/strong> Aplica generosamente sobre la piel reci\u00e9n limpia, concentr\u00e1ndote en las zonas que necesiten un cuidado extra. Permite que la crema se funda con movimientos lentos y ascendentes, transformando tu rutina de cuidado en un ritual de elegancia y autocuidado.<\/p>\n<p><strong>Ingredientes:<\/strong> Agua, Aceite de Glycine soja (soja), \u00c1cido este\u00e1rico, Glicerina, Alcohol cet\u00edlico, Estearato de glicerilo SE, Alcohol benc\u00edlico, Aceite esencial de flor de Jasminum sambac (jazm\u00edn), Manteca de Butyrospermum parkii (karit\u00e9), Diacetato de glutamato de tetrasodio, Crosspol\u00edmero-6 de poliacrilato, Alcohol araqu\u00eddico, Propanodiol, Aceite esencial de flor de Cananga odorata (ylang-ylang), Alcohol behen\u00edlico, Gluc\u00f3sido de araqu\u00eddico, Acetato de tocoferilo (vitamina E), \u00c1cido benzoico, \u00c1cido dehidroac\u00e9tico.<\/p>","protected":false},"excerpt":{"rendered":"<p>Indulge your skin with the sumptuous touch of Harum Body Cream, a velvety blend of moisture and protection infused with the timeless elegance of jasmine and the sensual warmth of ylang-ylang. This cream melts effortlessly into the skin, leaving it exquisitely soft and delicately perfumed\u2014an embrace of luxury that lasts all day. Crafted to evoke &hellip; <a href=\"https:\/\/balilife-bodycare.com\/es\/producto\/harum-body-cream-jasmine-cananga\/\" class=\"more-link\">Continue reading <span class=\"screen-reader-text\">Harum Crema Corporal \u2013 Jazm\u00edn &amp; Cananga<\/span><\/a><\/p>","protected":false},"featured_media":5438,"template":"","meta":[],"product_brand":[],"product_cat":[101,96],"product_tag":[],"class_list":{"0":"post-5437","1":"product","2":"type-product","3":"status-publish","4":"has-post-thumbnail","6":"product_cat-best-sellers","7":"product_cat-body-care","10":"instock","11":"featured","12":"shipping-taxable","13":"purchasable","14":"product-type-variable"},"_links":{"self":[{"href":"https:\/\/balilife-bodycare.com\/es\/wp-json\/wp\/v2\/product\/5437","targetHints":{"allow":["GET"]}}],"collection":[{"href":"https:\/\/balilife-bodycare.com\/es\/wp-json\/wp\/v2\/product"}],"about":[{"href":"https:\/\/balilife-bodycare.com\/es\/wp-json\/wp\/v2\/types\/product"}],"version-history":[{"count":1,"href":"https:\/\/balilife-bodycare.com\/es\/wp-json\/wp\/v2\/product\/5437\/revisions"}],"predecessor-version":[{"id":5440,"href":"https:\/\/balilife-bodycare.com\/es\/wp-json\/wp\/v2\/product\/5437\/revisions\/5440"}],"wp:featuredmedia":[{"embeddable":true,"href":"https:\/\/balilife-bodycare.com\/es\/wp-json\/wp\/v2\/media\/5438"}],"wp:attachment":[{"href":"https:\/\/balilife-bodycare.com\/es\/wp-json\/wp\/v2\/media?parent=5437"}],"wp:term":[{"taxonomy":"product_brand","embeddable":true,"href":"https:\/\/balilife-bodycare.com\/es\/wp-json\/wp\/v2\/product_brand?post=5437"},{"taxonomy":"product_cat","embeddable":true,"href":"https:\/\/balilife-bodycare.com\/es\/wp-json\/wp\/v2\/product_cat?post=5437"},{"taxonomy":"product_tag","embeddable":true,"href":"https:\/\/balilife-bodycare.com\/es\/wp-json\/wp\/v2\/product_tag?post=5437"}],"curies":[{"name":"wp","href":"https:\/\/api.w.org\/{rel}","templated":true}]}}