{"id":5433,"date":"2025-08-25T16:34:50","date_gmt":"2025-08-25T16:34:50","guid":{"rendered":"https:\/\/balilife-bodycare.com\/?post_type=product&#038;p=5433"},"modified":"2026-02-16T11:48:09","modified_gmt":"2026-02-16T11:48:09","slug":"wangi-shower-cream-jasmine-cananga","status":"publish","type":"product","link":"https:\/\/balilife-bodycare.com\/es\/producto\/wangi-shower-cream-jasmine-cananga\/","title":{"rendered":"Wangi Crema de Ducha \u2013 Jazm\u00edn &amp; Cananga"},"content":{"rendered":"<p>Convierte tu ducha diaria en un momento de puro deleite con la Crema de Ducha Wangi. Enriquecida con la embriagadora esencia de las flores de jazm\u00edn y la ex\u00f3tica profundidad del ylang-ylang (cananga), este limpiador cremoso acaricia la piel con una espuma sedosa mientras envuelve los sentidos en un sofisticado bouquet floral.<\/p>\n<p>Un ritual de belleza inspirado en las tradiciones eternas de Bali, esta lujosa f\u00f3rmula:<\/p>\n<ul>\n<li>Mima la piel con una profunda nutrici\u00f3n e hidrataci\u00f3n<\/li>\n<li>Mejora la resistencia y vitalidad de la piel<\/li>\n<li>Infunde en cada momento una sensaci\u00f3n de equilibrio y tranquilidad<\/li>\n<\/ul>\n<p><strong><br \/>\nC\u00f3mo Usar:<\/strong><\/p>\n<p>Masajea sobre la piel h\u00fameda con movimientos circulares y suaves, permitiendo que la rica espuma y la elegante fragancia despierten tus sentidos. Enjuaga completamente, dejando la piel fresca, flexible y envuelta en un delicado aura floral que perdura.<\/p>\n<p><strong>Ingredientes:<\/strong> Agua, Beta\u00edna cocamidoprop\u00edlica, Glutamato de coco dis\u00f3dico, Glicerina, PEG-120 trimetilglucosa triolate, Alcohol benc\u00edlico, Aceite esencial de flor de Jasminium sambac (jazm\u00edn), Diacetato de glutamato de tetrasodio, Crosspol\u00edmero-6 de poliacrilato, Chondrus crispus (carragenina), Alcano C15-19, Aceite esencial de flor de Cananga odorata (ylang-ylang), Propanodiol, \u00c1cido benzoico, \u00c1cido dehidroac\u00e9tico.<\/p>","protected":false},"excerpt":{"rendered":"<p>Turn your daily shower into a moment of pure indulgence with Wangi Shower Cream. Enriched with the intoxicating essence of jasmine blossoms and the exotic depth of ylang-ylang (cananga), this creamy cleanser caresses the skin with silken lather while enveloping the senses in a sophisticated floral bouquet. A ritual of beauty inspired by Bali\u2019s timeless &hellip; <a href=\"https:\/\/balilife-bodycare.com\/es\/producto\/wangi-shower-cream-jasmine-cananga\/\" class=\"more-link\">Continue reading <span class=\"screen-reader-text\">Wangi Crema de Ducha \u2013 Jazm\u00edn &amp; Cananga<\/span><\/a><\/p>","protected":false},"featured_media":5435,"template":"","meta":[],"product_brand":[],"product_cat":[101,96],"product_tag":[],"class_list":{"0":"post-5433","1":"product","2":"type-product","3":"status-publish","4":"has-post-thumbnail","6":"product_cat-best-sellers","7":"product_cat-body-care","10":"instock","11":"featured","12":"shipping-taxable","13":"purchasable","14":"product-type-variable"},"_links":{"self":[{"href":"https:\/\/balilife-bodycare.com\/es\/wp-json\/wp\/v2\/product\/5433","targetHints":{"allow":["GET"]}}],"collection":[{"href":"https:\/\/balilife-bodycare.com\/es\/wp-json\/wp\/v2\/product"}],"about":[{"href":"https:\/\/balilife-bodycare.com\/es\/wp-json\/wp\/v2\/types\/product"}],"version-history":[{"count":2,"href":"https:\/\/balilife-bodycare.com\/es\/wp-json\/wp\/v2\/product\/5433\/revisions"}],"predecessor-version":[{"id":5699,"href":"https:\/\/balilife-bodycare.com\/es\/wp-json\/wp\/v2\/product\/5433\/revisions\/5699"}],"wp:featuredmedia":[{"embeddable":true,"href":"https:\/\/balilife-bodycare.com\/es\/wp-json\/wp\/v2\/media\/5435"}],"wp:attachment":[{"href":"https:\/\/balilife-bodycare.com\/es\/wp-json\/wp\/v2\/media?parent=5433"}],"wp:term":[{"taxonomy":"product_brand","embeddable":true,"href":"https:\/\/balilife-bodycare.com\/es\/wp-json\/wp\/v2\/product_brand?post=5433"},{"taxonomy":"product_cat","embeddable":true,"href":"https:\/\/balilife-bodycare.com\/es\/wp-json\/wp\/v2\/product_cat?post=5433"},{"taxonomy":"product_tag","embeddable":true,"href":"https:\/\/balilife-bodycare.com\/es\/wp-json\/wp\/v2\/product_tag?post=5433"}],"curies":[{"name":"wp","href":"https:\/\/api.w.org\/{rel}","templated":true}]}}