{"id":5361,"date":"2025-08-13T15:13:51","date_gmt":"2025-08-13T15:13:51","guid":{"rendered":"https:\/\/balilife-bodycare.com\/?post_type=product&#038;p=5361"},"modified":"2026-04-03T07:54:26","modified_gmt":"2026-04-03T07:54:26","slug":"kaffir-lime-lemon-shampoo","status":"publish","type":"product","link":"https:\/\/balilife-bodycare.com\/es\/producto\/kaffir-lime-lemon-shampoo\/","title":{"rendered":"Kaffir lime lemon shampoo"},"content":{"rendered":"<p>Despierta tus sentidos y limpia e hidrata profundamente tu cabello y cuero cabelludo con nuestro champ\u00fa vegano. El Champ\u00fa Segar ofrece una espuma maravillosamente rica que eliminar\u00e1 los residuos qu\u00edmicos dejados por los champ\u00fas comerciales y equilibrar\u00e1 de manera natural el pH de tu cabello.<\/p>\n<p>Sus aceites c\u00edtricos proporcionan una sensaci\u00f3n refrescante durante y despu\u00e9s del lavado, adem\u00e1s de aportar grandes beneficios a tu cabello. El aceite esencial de lima kaffir, con propiedades antioxidantes, es excelente para tratar la caspa y la picaz\u00f3n. Los aceites esenciales de naranja y lim\u00f3n desempe\u00f1an un papel importante en la estimulaci\u00f3n del crecimiento del cabello, ya que son ricos en vitamina C, la cual ayuda en la producci\u00f3n de col\u00e1geno.<\/p>\n<p>Explora nuestra l\u00ednea de cuidado capilar Bali aqu\u00ed.<\/p>","protected":false},"excerpt":{"rendered":"<p>Awaken your senses and deeply cleanse and moisturize your hair and scalp with our vegan shampoo. Segar Shampoo delivers a wonderfully rich foam that will remove the chemical residues left by commercial shampoos as well as balance the pH of your hair naturally. Its citrus oils provide a refreshing feeling during and after shampooing as &hellip; <a href=\"https:\/\/balilife-bodycare.com\/es\/producto\/kaffir-lime-lemon-shampoo\/\" class=\"more-link\">Continue reading <span class=\"screen-reader-text\">Kaffir lime lemon shampoo<\/span><\/a><\/p>","protected":false},"featured_media":5362,"template":"","meta":[],"product_brand":[],"product_cat":[110],"product_tag":[],"class_list":{"0":"post-5361","1":"product","2":"type-product","3":"status-publish","4":"has-post-thumbnail","6":"product_cat-lemongrass","9":"instock","10":"shipping-taxable","11":"purchasable","12":"product-type-simple"},"_links":{"self":[{"href":"https:\/\/balilife-bodycare.com\/es\/wp-json\/wp\/v2\/product\/5361","targetHints":{"allow":["GET"]}}],"collection":[{"href":"https:\/\/balilife-bodycare.com\/es\/wp-json\/wp\/v2\/product"}],"about":[{"href":"https:\/\/balilife-bodycare.com\/es\/wp-json\/wp\/v2\/types\/product"}],"version-history":[{"count":2,"href":"https:\/\/balilife-bodycare.com\/es\/wp-json\/wp\/v2\/product\/5361\/revisions"}],"predecessor-version":[{"id":5466,"href":"https:\/\/balilife-bodycare.com\/es\/wp-json\/wp\/v2\/product\/5361\/revisions\/5466"}],"wp:featuredmedia":[{"embeddable":true,"href":"https:\/\/balilife-bodycare.com\/es\/wp-json\/wp\/v2\/media\/5362"}],"wp:attachment":[{"href":"https:\/\/balilife-bodycare.com\/es\/wp-json\/wp\/v2\/media?parent=5361"}],"wp:term":[{"taxonomy":"product_brand","embeddable":true,"href":"https:\/\/balilife-bodycare.com\/es\/wp-json\/wp\/v2\/product_brand?post=5361"},{"taxonomy":"product_cat","embeddable":true,"href":"https:\/\/balilife-bodycare.com\/es\/wp-json\/wp\/v2\/product_cat?post=5361"},{"taxonomy":"product_tag","embeddable":true,"href":"https:\/\/balilife-bodycare.com\/es\/wp-json\/wp\/v2\/product_tag?post=5361"}],"curies":[{"name":"wp","href":"https:\/\/api.w.org\/{rel}","templated":true}]}}