{"id":5346,"date":"2025-08-13T14:59:04","date_gmt":"2025-08-13T14:59:04","guid":{"rendered":"https:\/\/balilife-bodycare.com\/?post_type=product&#038;p=5346"},"modified":"2025-10-13T08:09:41","modified_gmt":"2025-10-13T08:09:41","slug":"cempaka-sugar-scrub","status":"publish","type":"product","link":"https:\/\/balilife-bodycare.com\/es\/producto\/cempaka-sugar-scrub\/","title":{"rendered":"Exfoliante de Az\u00facar Cempaka"},"content":{"rendered":"<p>D\u00e9jate seducir por la delicada fragancia de nuestro Exfoliante de Az\u00facar Muda, elaborado con aceite de flor de cempaka. Originaria del Sudeste Asi\u00e1tico, la cempaka aporta notas florales calmantes que se dice que\u2026\u00a0<b>uplift the mood and reduce stress.<\/b>\u00a0It also has antioxidant properties that deeply\u00a0<b>moisturise and rejuvenate skin cells.\u00a0<\/b><\/p>\n<p>Agregar el Exfoliante de Az\u00facar Muda a tu rutina de cuidado de la piel Bali elevar\u00e1 tu cuerpo al siguiente nivel, eliminar\u00e1 las c\u00e9lulas muertas y \u00a1te har\u00e1 brillar!<\/p>\n<p>La acci\u00f3n principal de nuestro exfoliante de az\u00facar natural y ecol\u00f3gico es la exfoliaci\u00f3n, que consiste en eliminar la capa exterior de c\u00e9lulas muertas de la piel. Esencialmente, esto\u2026\u00a0<b>\u2026estimula la renovaci\u00f3n celular y aporta una piel m\u00e1s saludable y radiante en la superficie.<\/b><\/p>\n<p>La exfoliaci\u00f3n regular mejora la circulaci\u00f3n de la piel, lo que a su vez estimula la producci\u00f3n de col\u00e1geno. Esta prote\u00edna es responsable, entre otras propiedades, de\u2026\u00a0<b>\u2026la elasticidad de la piel.<\/b>\u00a0En otras palabras, usar un exfoliante de az\u00facar puede influir directamente en\u2026\u00a0<b>\u2026la reducci\u00f3n de l\u00edneas finas y arrugas.<\/b><\/p>\n<p>Aprende m\u00e1s sobre los beneficios del aceite de flor de cempaka aqu\u00ed.<\/p>","protected":false},"excerpt":{"rendered":"<p>Let yourself be seduced by the delicate fragrance of our Muda Sugar Scrub, made of cempaka flower oil. Native to Southeast Asia, cempaka brings calming floral notes claimed to\u00a0uplift the mood and reduce stress.\u00a0It also has antioxidant properties that deeply\u00a0moisturise and rejuvenate skin cells.\u00a0 Adding Muda Sugar Scrub to your Bali skin routine will elevate &hellip; <a href=\"https:\/\/balilife-bodycare.com\/es\/producto\/cempaka-sugar-scrub\/\" class=\"more-link\">Continue reading <span class=\"screen-reader-text\">Exfoliante de Az\u00facar Cempaka<\/span><\/a><\/p>","protected":false},"featured_media":5347,"template":"","meta":[],"product_brand":[],"product_cat":[96,107],"product_tag":[],"class_list":{"0":"post-5346","1":"product","2":"type-product","3":"status-publish","4":"has-post-thumbnail","6":"product_cat-body-care","7":"product_cat-cempaka","10":"instock","11":"shipping-taxable","12":"purchasable","13":"product-type-simple"},"_links":{"self":[{"href":"https:\/\/balilife-bodycare.com\/es\/wp-json\/wp\/v2\/product\/5346","targetHints":{"allow":["GET"]}}],"collection":[{"href":"https:\/\/balilife-bodycare.com\/es\/wp-json\/wp\/v2\/product"}],"about":[{"href":"https:\/\/balilife-bodycare.com\/es\/wp-json\/wp\/v2\/types\/product"}],"version-history":[{"count":1,"href":"https:\/\/balilife-bodycare.com\/es\/wp-json\/wp\/v2\/product\/5346\/revisions"}],"predecessor-version":[{"id":5349,"href":"https:\/\/balilife-bodycare.com\/es\/wp-json\/wp\/v2\/product\/5346\/revisions\/5349"}],"wp:featuredmedia":[{"embeddable":true,"href":"https:\/\/balilife-bodycare.com\/es\/wp-json\/wp\/v2\/media\/5347"}],"wp:attachment":[{"href":"https:\/\/balilife-bodycare.com\/es\/wp-json\/wp\/v2\/media?parent=5346"}],"wp:term":[{"taxonomy":"product_brand","embeddable":true,"href":"https:\/\/balilife-bodycare.com\/es\/wp-json\/wp\/v2\/product_brand?post=5346"},{"taxonomy":"product_cat","embeddable":true,"href":"https:\/\/balilife-bodycare.com\/es\/wp-json\/wp\/v2\/product_cat?post=5346"},{"taxonomy":"product_tag","embeddable":true,"href":"https:\/\/balilife-bodycare.com\/es\/wp-json\/wp\/v2\/product_tag?post=5346"}],"curies":[{"name":"wp","href":"https:\/\/api.w.org\/{rel}","templated":true}]}}