{"id":4814,"date":"2025-03-08T19:10:32","date_gmt":"2025-03-08T19:10:32","guid":{"rendered":"https:\/\/balilife-bodycare.com\/?post_type=product&#038;p=4814"},"modified":"2026-04-03T07:54:26","modified_gmt":"2026-04-03T07:54:26","slug":"bunga-shower-gel","status":"publish","type":"product","link":"https:\/\/balilife-bodycare.com\/es\/producto\/bunga-shower-gel\/","title":{"rendered":"Gel de Ducha Bunga"},"content":{"rendered":"<p><span style=\"font-weight: 400;\">El Gel de Ducha Bunga te transportar\u00e1 a los bosques tropicales de Bali y a\u00f1adir\u00e1 a tu ducha una agradable experiencia sensorial. Delicada y refrescante, pero a la vez ex\u00f3tica y seductora, la fragancia de cempaka es ideal para\u2026 <\/span><b>calmando y relajando tu cuerpo<\/b><span style=\"font-weight: 400;\"> despu\u00e9s de un largo d\u00eda.<\/span><\/p>\n<p><span style=\"font-weight: 400;\">La flor de chempaka contiene propiedades antioxidantes que <\/span><b>hidratan profundamente y rejuvenecen las c\u00e9lulas de la piel<\/b><span style=\"font-weight: 400;\">, as\u00ed como propiedades astringentes que <\/span><b>tratan la inflamaci\u00f3n de la piel mientras tonifican y reafirmAN. <\/b>Para explorar los beneficios haz clic <a title=\"Benefits of Cempaka flower\" href=\"https:\/\/www.netmeds.com\/health-library\/post\/champaca-oil-5-wondrous-benefits-of-this-natural-elixir-for-youthful-skin-infographic?srsltid=AfmBOorhiZrnQIONXV4ezggg14HzMsvJzFHDVTnFj57mS9bhdhrSODKO\">aqu\u00ed.<\/a><\/p>\n<p><span style=\"font-weight: 400;\">El Gel de Ducha Bunga dejar\u00e1 tu piel con una sensaci\u00f3n de <\/span><b>limpia, fresca y ligeramente perfumada.<\/b><span style=\"font-weight: 400;\"> Sus ingredientes naturales est\u00e1n dise\u00f1ados para limpiar e hidratar en profundidad mientras equilibran el pH de tu dermis, por lo que es <\/span><b>seguro para usar a diario y en todo tipo de piel.<\/b><\/p>\n<p>Aprende la diferencia entre gel de ducha y gel corporal <a title=\"What is the difference between shower gel and body wash?\" href=\"https:\/\/balilife-bodycare.com\/es\/blogs\/blog\/understanding-the-difference-between-shower-gel-and-body-wash-cempaka-shower-gel-vs-bali-breeze-body-wash\/\" target=\"_blank\" rel=\"noopener\">aqu\u00ed.<\/a><\/p>","protected":false},"excerpt":{"rendered":"<p>Bunga Shower Gel will take you to the tropical forests in Bali and add to your shower time a pleasant sensorial experience. Delicate and refreshing, but yet exotic and seductive, the fragrance of chempaka is ideal for calming and loosening your body after a long day. The chempaka flower contains antioxidant properties that deeply moisturise &hellip; <a href=\"https:\/\/balilife-bodycare.com\/es\/producto\/bunga-shower-gel\/\" class=\"more-link\">Continue reading <span class=\"screen-reader-text\">Gel de Ducha Bunga<\/span><\/a><\/p>","protected":false},"featured_media":5415,"template":"","meta":[],"product_brand":[],"product_cat":[96,107],"product_tag":[],"class_list":{"0":"post-4814","1":"product","2":"type-product","3":"status-publish","4":"has-post-thumbnail","6":"product_cat-body-care","7":"product_cat-cempaka","10":"instock","11":"shipping-taxable","12":"purchasable","13":"product-type-variable","14":"has-default-attributes"},"_links":{"self":[{"href":"https:\/\/balilife-bodycare.com\/es\/wp-json\/wp\/v2\/product\/4814","targetHints":{"allow":["GET"]}}],"collection":[{"href":"https:\/\/balilife-bodycare.com\/es\/wp-json\/wp\/v2\/product"}],"about":[{"href":"https:\/\/balilife-bodycare.com\/es\/wp-json\/wp\/v2\/types\/product"}],"version-history":[{"count":1,"href":"https:\/\/balilife-bodycare.com\/es\/wp-json\/wp\/v2\/product\/4814\/revisions"}],"predecessor-version":[{"id":4817,"href":"https:\/\/balilife-bodycare.com\/es\/wp-json\/wp\/v2\/product\/4814\/revisions\/4817"}],"wp:featuredmedia":[{"embeddable":true,"href":"https:\/\/balilife-bodycare.com\/es\/wp-json\/wp\/v2\/media\/5415"}],"wp:attachment":[{"href":"https:\/\/balilife-bodycare.com\/es\/wp-json\/wp\/v2\/media?parent=4814"}],"wp:term":[{"taxonomy":"product_brand","embeddable":true,"href":"https:\/\/balilife-bodycare.com\/es\/wp-json\/wp\/v2\/product_brand?post=4814"},{"taxonomy":"product_cat","embeddable":true,"href":"https:\/\/balilife-bodycare.com\/es\/wp-json\/wp\/v2\/product_cat?post=4814"},{"taxonomy":"product_tag","embeddable":true,"href":"https:\/\/balilife-bodycare.com\/es\/wp-json\/wp\/v2\/product_tag?post=4814"}],"curies":[{"name":"wp","href":"https:\/\/api.w.org\/{rel}","templated":true}]}}