{"id":4809,"date":"2025-03-08T19:08:53","date_gmt":"2025-03-08T19:08:53","guid":{"rendered":"https:\/\/balilife-bodycare.com\/?post_type=product&#038;p=4809"},"modified":"2025-12-01T14:07:30","modified_gmt":"2025-12-01T14:07:30","slug":"asli-face-oil","status":"publish","type":"product","link":"https:\/\/balilife-bodycare.com\/es\/producto\/asli-face-oil\/","title":{"rendered":"Aceite Facial Asli"},"content":{"rendered":"<p><span style=\"font-weight: 400;\">El extracto de lirio de agua de este aceite facial se funde con tu piel, dej\u00e1ndola suave, flexible e hidratada durante horas. El aceite facial *m\u00e1s* hidratante y calmante de Bali.<\/span><\/p>\n<p><span style=\"font-weight: 400;\">Esta flor acu\u00e1tica es un excelente hidratante,\u00a0<\/span><b>proporcionando<\/b> <b>hidrataci\u00f3n instant\u00e1nea a la piel, as\u00ed como propiedades antioxidantes, calmantes y antiinflamatorias.<\/b><\/p>\n<p><span style=\"font-weight: 400;\">El Aceite Facial Asli tambi\u00e9n contiene aceite de almendra y de aguacate, ambos ricos en \u00e1cidos grasos y vitamina E, lo cual ayuda a<\/span><b> a hidratar profundamente la piel y combatir la inflamaci\u00f3n<\/b><span style=\"font-weight: 400;\">.<\/span><\/p>\n<p><span style=\"font-weight: 400;\">Perfecto para a\u00f1adir a tu rutina de cuidado de la piel en Bali despu\u00e9s de la playa.<\/span><\/p>\n<p><span style=\"font-weight: 400;\">Este aceite facial nutritivo no contiene fragancias a\u00f1adidas y es\u2026 <\/span><b>\u2026apto para todo tipo de piel<\/b><span style=\"font-weight: 400;\">, incluyendo las pieles grasas. Ten en cuenta que el aceite facial no reemplaza tu crema hidratante, ya que no penetra en las capas m\u00e1s profundas de la piel. En cambio, permanece m\u00e1s cerca de la capa superior de la piel, la barrera saludable de tu piel, hidratando y proporcionando protecci\u00f3n.<\/span><\/p>\n<p><span style=\"font-weight: 400;\">Aprende m\u00e1s sobre los beneficios del extracto de lirio de agua <a title=\"Water Lily Benefits\" href=\"https:\/\/www.ncbi.nlm.nih.gov\/pmc\/articles\/PMC9834888\/\" target=\"_blank\" rel=\"noopener\">aqu\u00ed.<\/a><\/span><\/p>\n<p><span style=\"font-weight: 400;\">*En nuestra opini\u00f3n<\/span><\/p>","protected":false},"excerpt":{"rendered":"<p>The water lily extract of this face oil melts into your skin leaving it smooth, supple and hydrated for hours. The *most* hydrating and soothing face oil in Bali. This aquatic flower is an excellent moisturiser,\u00a0providing instant hydration to the skin as well as antioxidant, soothing and anti-inflammatory properties. Asli Face Oil also contains almond &hellip; <a href=\"https:\/\/balilife-bodycare.com\/es\/producto\/asli-face-oil\/\" class=\"more-link\">Continue reading <span class=\"screen-reader-text\">Aceite Facial Asli<\/span><\/a><\/p>","protected":false},"featured_media":4811,"template":"","meta":[],"product_brand":[],"product_cat":[100],"product_tag":[],"class_list":{"0":"post-4809","1":"product","2":"type-product","3":"status-publish","4":"has-post-thumbnail","6":"product_cat-face-care","9":"instock","10":"shipping-taxable","11":"purchasable","12":"product-type-variable"},"_links":{"self":[{"href":"https:\/\/balilife-bodycare.com\/es\/wp-json\/wp\/v2\/product\/4809","targetHints":{"allow":["GET"]}}],"collection":[{"href":"https:\/\/balilife-bodycare.com\/es\/wp-json\/wp\/v2\/product"}],"about":[{"href":"https:\/\/balilife-bodycare.com\/es\/wp-json\/wp\/v2\/types\/product"}],"version-history":[{"count":1,"href":"https:\/\/balilife-bodycare.com\/es\/wp-json\/wp\/v2\/product\/4809\/revisions"}],"predecessor-version":[{"id":4813,"href":"https:\/\/balilife-bodycare.com\/es\/wp-json\/wp\/v2\/product\/4809\/revisions\/4813"}],"wp:featuredmedia":[{"embeddable":true,"href":"https:\/\/balilife-bodycare.com\/es\/wp-json\/wp\/v2\/media\/4811"}],"wp:attachment":[{"href":"https:\/\/balilife-bodycare.com\/es\/wp-json\/wp\/v2\/media?parent=4809"}],"wp:term":[{"taxonomy":"product_brand","embeddable":true,"href":"https:\/\/balilife-bodycare.com\/es\/wp-json\/wp\/v2\/product_brand?post=4809"},{"taxonomy":"product_cat","embeddable":true,"href":"https:\/\/balilife-bodycare.com\/es\/wp-json\/wp\/v2\/product_cat?post=4809"},{"taxonomy":"product_tag","embeddable":true,"href":"https:\/\/balilife-bodycare.com\/es\/wp-json\/wp\/v2\/product_tag?post=4809"}],"curies":[{"name":"wp","href":"https:\/\/api.w.org\/{rel}","templated":true}]}}