{"id":27,"date":"2021-10-19T03:51:32","date_gmt":"2021-10-19T03:51:32","guid":{"rendered":"https:\/\/hara.thembaydev.com\/demo-2\/?page_id=27"},"modified":"2025-08-25T17:22:42","modified_gmt":"2025-08-25T17:22:42","slug":"about-us","status":"publish","type":"page","link":"https:\/\/balilife-bodycare.com\/es\/about-us\/","title":{"rendered":"Sobre Nosotros"},"content":{"rendered":"<div data-elementor-type=\"wp-page\" data-elementor-id=\"27\" class=\"elementor elementor-27\" data-elementor-post-type=\"page\">\n\t\t\t\t\t\t<section class=\"elementor-section elementor-top-section elementor-element elementor-element-484eec31 elementor-section-stretched elementor-section-boxed elementor-section-height-default elementor-section-height-default\" data-id=\"484eec31\" data-element_type=\"section\" data-e-type=\"section\" data-settings=\"{&quot;stretch_section&quot;:&quot;section-stretched&quot;}\">\n\t\t\t\t\t\t<div class=\"elementor-container elementor-column-gap-default\">\n\t\t\t\t\t<div class=\"elementor-column elementor-col-50 elementor-top-column elementor-element elementor-element-72e96c73\" data-id=\"72e96c73\" data-element_type=\"column\" data-e-type=\"column\">\n\t\t\t<div class=\"elementor-widget-wrap elementor-element-populated\">\n\t\t\t\t\t\t<div class=\"elementor-element elementor-element-2e2a5a5c elementor-widget elementor-widget-image\" data-id=\"2e2a5a5c\" data-element_type=\"widget\" data-e-type=\"widget\" data-widget_type=\"image.default\">\n\t\t\t\t<div class=\"elementor-widget-container\">\n\t\t\t\t\t\t\t\t\t\t\t\t\t\t\t<img fetchpriority=\"high\" decoding=\"async\" width=\"1211\" height=\"879\" src=\"https:\/\/balilife-bodycare.com\/wp-content\/uploads\/2025\/05\/EDITH-SZABO-FOUNDER-CEO-OF-BALI-LIFE-BODY-CARE.png\" class=\"attachment-full size-full wp-image-5168\" alt=\"\" \/>\t\t\t\t\t\t\t\t\t\t\t\t\t\t\t<\/div>\n\t\t\t\t<\/div>\n\t\t\t\t\t<\/div>\n\t\t<\/div>\n\t\t\t\t<div class=\"elementor-column elementor-col-50 elementor-top-column elementor-element elementor-element-634d5c8a\" data-id=\"634d5c8a\" data-element_type=\"column\" data-e-type=\"column\">\n\t\t\t<div class=\"elementor-widget-wrap elementor-element-populated\">\n\t\t\t\t\t\t<div class=\"elementor-element elementor-element-7b38328 elementor-widget elementor-widget-tbay-heading\" data-id=\"7b38328\" data-element_type=\"widget\" data-e-type=\"widget\" data-widget_type=\"tbay-heading.default\">\n\t\t\t\t<div class=\"elementor-widget-container\">\n\t\t\t\t\t\r\n<div class=\"tbay-element tbay-element-heading\">\r\n\t\t\t\t<h3 class=\"heading-tbay-title style-1\">\r\n                \r\n                 \r\n\r\n\t\t\t\t\t\t\t\t\t<span class=\"title\">Bienvenido a Bali Life Body Care<\/span>\r\n\t\t\t\t\t    \t\r\n\r\n                \r\n                <i aria-hidden=\"true\" class=\"tb-icon tb-icon-wave\"><\/i>\r\n\t\t\t<\/h3>\r\n        <\/div>\t\t\t\t<\/div>\n\t\t\t\t<\/div>\n\t\t\t\t<div class=\"elementor-element elementor-element-53537919 elementor-widget elementor-widget-text-editor\" data-id=\"53537919\" data-element_type=\"widget\" data-e-type=\"widget\" data-widget_type=\"text-editor.default\">\n\t\t\t\t<div class=\"elementor-widget-container\">\n\t\t\t\t\t\t\t\t\t<p>Bali Life Body Care se origin\u00f3 en Ubud, que se encuentra en el coraz\u00f3n de Bali. Nuestra misi\u00f3n es compartir algunas de las tradiciones excepcionales de Bali con nuestros clientes, contando con la ayuda de talentosos balineses que est\u00e1n dedicados a preservar su cultura y su entorno.<\/p>\t\t\t\t\t\t\t\t<\/div>\n\t\t\t\t<\/div>\n\t\t\t\t<div class=\"elementor-element elementor-element-c19813b elementor-widget elementor-widget-text-editor\" data-id=\"c19813b\" data-element_type=\"widget\" data-e-type=\"widget\" data-widget_type=\"text-editor.default\">\n\t\t\t\t<div class=\"elementor-widget-container\">\n\t\t\t\t\t\t\t\t\t<p>Nuestros envases excepcionales son creados por artesanos locales expertos que utilizan materiales naturales como bamb\u00fa tejido y hojas de palma. Tambi\u00e9n obtenemos parte de nuestros envases de una organizaci\u00f3n humanitaria con sede en Kuta para apoyar a la incre\u00edble comunidad de Bali. Nuestras cajas de temporada ofrecen m\u00e1s que simples productos; buscamos brindar una experiencia inmersiva al dar a nuestros productos nombres locales que reflejan el lenguaje musical de la isla.<\/p>\t\t\t\t\t\t\t\t<\/div>\n\t\t\t\t<\/div>\n\t\t\t\t\t<\/div>\n\t\t<\/div>\n\t\t\t\t\t<\/div>\n\t\t<\/section>\n\t\t\t\t<section class=\"elementor-section elementor-top-section elementor-element elementor-element-6d92b80 elementor-section-stretched elementor-section-content-middle elementor-section-boxed elementor-section-height-default elementor-section-height-default\" data-id=\"6d92b80\" data-element_type=\"section\" data-e-type=\"section\" data-settings=\"{&quot;stretch_section&quot;:&quot;section-stretched&quot;}\">\n\t\t\t\t\t\t<div class=\"elementor-container elementor-column-gap-default\">\n\t\t\t\t\t<div class=\"elementor-column elementor-col-50 elementor-top-column elementor-element elementor-element-1dcde47\" data-id=\"1dcde47\" data-element_type=\"column\" data-e-type=\"column\">\n\t\t\t<div class=\"elementor-widget-wrap elementor-element-populated\">\n\t\t\t\t\t\t<div class=\"elementor-element elementor-element-5f0bf96 elementor-widget elementor-widget-text-editor\" data-id=\"5f0bf96\" data-element_type=\"widget\" data-e-type=\"widget\" data-widget_type=\"text-editor.default\">\n\t\t\t\t<div class=\"elementor-widget-container\">\n\t\t\t\t\t\t\t\t\t<p>Cuando llegu\u00e9 por primera vez a Bali, qued\u00e9 cautivado por su fascinante belleza y su enigm\u00e1tico encanto. A medida que pasaba m\u00e1s tiempo en la isla, me fui dando cuenta de la profundidad y la riqueza de la cultura balinesa: desde sus vibrantes ceremonias en honor a los antepasados hasta la h\u00e1bil artesan\u00eda que impregna cada aspecto de la vida cotidiana. Bali irradia una sensaci\u00f3n \u00fanica de tranquilidad y armon\u00eda que no tiene comparaci\u00f3n en ning\u00fan otro lugar, y me abri\u00f3 los ojos a una nueva forma de vivir profundamente conectada con la naturaleza.<\/p>\t\t\t\t\t\t\t\t<\/div>\n\t\t\t\t<\/div>\n\t\t\t\t<div class=\"elementor-element elementor-element-470749d elementor-widget elementor-widget-text-editor\" data-id=\"470749d\" data-element_type=\"widget\" data-e-type=\"widget\" data-widget_type=\"text-editor.default\">\n\t\t\t\t<div class=\"elementor-widget-container\">\n\t\t\t\t\t\t\t\t\t<p>Nuestros envases excepcionales son creados por artesanos locales expertos que utilizan materiales naturales como bamb\u00fa tejido y hojas de palma. Tambi\u00e9n obtenemos parte de nuestros envases de una organizaci\u00f3n humanitaria con sede en Kuta para apoyar a la incre\u00edble comunidad de Bali. Nuestras cajas de temporada ofrecen m\u00e1s que simples productos; buscamos brindar una experiencia inmersiva al dar a nuestros productos nombres locales que reflejan el lenguaje musical de la isla.<\/p>\t\t\t\t\t\t\t\t<\/div>\n\t\t\t\t<\/div>\n\t\t\t\t\t<\/div>\n\t\t<\/div>\n\t\t\t\t<div class=\"elementor-column elementor-col-50 elementor-top-column elementor-element elementor-element-0dd1989\" data-id=\"0dd1989\" data-element_type=\"column\" data-e-type=\"column\">\n\t\t\t<div class=\"elementor-widget-wrap elementor-element-populated\">\n\t\t\t\t\t\t<div class=\"elementor-element elementor-element-2a9fde9 elementor-widget elementor-widget-image\" data-id=\"2a9fde9\" data-element_type=\"widget\" data-e-type=\"widget\" data-widget_type=\"image.default\">\n\t\t\t\t<div class=\"elementor-widget-container\">\n\t\t\t\t\t\t\t\t\t\t\t\t\t\t\t<img decoding=\"async\" width=\"1024\" height=\"741\" src=\"https:\/\/balilife-bodycare.com\/wp-content\/uploads\/2025\/04\/IMG_4081_1024x1024.webp\" class=\"attachment-full size-full wp-image-4905\" alt=\"\" \/>\t\t\t\t\t\t\t\t\t\t\t\t\t\t\t<\/div>\n\t\t\t\t<\/div>\n\t\t\t\t\t<\/div>\n\t\t<\/div>\n\t\t\t\t\t<\/div>\n\t\t<\/section>\n\t\t\t\t<\/div>","protected":false},"excerpt":{"rendered":"<p>Welcome to Bali Life Body Care Bali Life Body Care originated in Ubud, which is located in the heart of Bali. Our mission is to share some of Bali&#8217;s exceptional traditions with our customers by enlisting the help of talented Balinese individuals who are devoted to preserving their culture and surroundings. Our exceptional packaging is &hellip; <a href=\"https:\/\/balilife-bodycare.com\/es\/about-us\/\" class=\"more-link\">Continue reading <span class=\"screen-reader-text\">Sobre Nosotros<\/span><\/a><\/p>","protected":false},"author":1,"featured_media":0,"parent":0,"menu_order":0,"comment_status":"closed","ping_status":"closed","template":"","meta":{"footnotes":""},"class_list":["post-27","page","type-page","status-publish","hentry"],"_links":{"self":[{"href":"https:\/\/balilife-bodycare.com\/es\/wp-json\/wp\/v2\/pages\/27","targetHints":{"allow":["GET"]}}],"collection":[{"href":"https:\/\/balilife-bodycare.com\/es\/wp-json\/wp\/v2\/pages"}],"about":[{"href":"https:\/\/balilife-bodycare.com\/es\/wp-json\/wp\/v2\/types\/page"}],"author":[{"embeddable":true,"href":"https:\/\/balilife-bodycare.com\/es\/wp-json\/wp\/v2\/users\/1"}],"replies":[{"embeddable":true,"href":"https:\/\/balilife-bodycare.com\/es\/wp-json\/wp\/v2\/comments?post=27"}],"version-history":[{"count":33,"href":"https:\/\/balilife-bodycare.com\/es\/wp-json\/wp\/v2\/pages\/27\/revisions"}],"predecessor-version":[{"id":5468,"href":"https:\/\/balilife-bodycare.com\/es\/wp-json\/wp\/v2\/pages\/27\/revisions\/5468"}],"wp:attachment":[{"href":"https:\/\/balilife-bodycare.com\/es\/wp-json\/wp\/v2\/media?parent=27"}],"curies":[{"name":"wp","href":"https:\/\/api.w.org\/{rel}","templated":true}]}}