{"id":5441,"date":"2025-08-25T16:40:52","date_gmt":"2025-08-25T16:40:52","guid":{"rendered":"https:\/\/balilife-bodycare.com\/?post_type=product&#038;p=5441"},"modified":"2026-01-30T10:29:31","modified_gmt":"2026-01-30T10:29:31","slug":"benar-lip-balm-vanilla-orange","status":"publish","type":"product","link":"https:\/\/balilife-bodycare.com\/de\/produkt\/benar-lip-balm-vanilla-orange\/","title":{"rendered":"Benar Lippenbalsam \u2013 Vanille &amp; Orange"},"content":{"rendered":"<p>Erleben Sie den reinen Luxus der Natur mit dem Benar Lippenbalsam, einer zu 100\u202f% nat\u00fcrlichen Formel, die Ihre Lippen intensiv pflegt und sch\u00fctzt. In einem eleganten Glasbeh\u00e4lter verpackt, ist dieser Balsam mit der wohltuenden W\u00e4rme von Vanille und der belebenden Frische von s\u00fc\u00dfem Orangen\u00f6l angereichert \u2013 eine zarte Duftkombination, die die Sinne beruhigt, w\u00e4hrend sie die Lippen weich macht.<\/p>\n<p>Angereichert mit einer Mischung aus reichhaltiger Kakaobutter, kaltgepresstem Kokos\u00f6l und Oliven\u00f6l, schmilzt dieser Balsam m\u00fchelos auf der Haut und hinterl\u00e4sst die Lippen samtig weich, geschmeidig und nat\u00fcrlich strahlend. Vitamin\u202fE sorgt f\u00fcr antioxidative Pflege, w\u00e4hrend Candelillawachs eine seidige Barriere bildet, die langanhaltende Feuchtigkeit einschlie\u00dft.<\/p>\n<p>Vorteile:<\/p>\n<ul>\n<li>Pflegt und hydratisiert trockene Lippen intensiv<\/li>\n<li>Sch\u00fctzt mit nat\u00fcrlichen, pflanzlichen Weichmachern<\/li>\n<li>Hinterl\u00e4sst einen weichen, nat\u00fcrlichen Glanz mit einem dezenten Duft<\/li>\n<\/ul>\n<p><strong>Anwendung:<\/strong> Eine kleine Menge mit sauberen Fingerspitzen auftragen und gleichm\u00e4\u00dfig \u00fcber die Lippen verteilen. Den Balsam den ganzen Tag \u00fcber bei trockenen Lippen verwenden oder abends als n\u00e4chtliches Ritual f\u00fcr tief hydratisierte, wunderbar weiche Lippen.<\/p>\n<p><strong>Inhaltsstoffe:<\/strong> Theobroma cacao (Kakaobutter), Olea europaea (Oliven-)Frucht\u00f6l, hydrogeniertes Sojabohnen\u00f6l, Cocos nucifera (kaltgepresstes Kokos\u00f6l), Euphorbia cerifera (Candelillawachs), Vanille\u00f6l, Tocopherylacetat (Vitamin\u202fE), Citrus aurantium dulcis (\u00e4therisches \u00d6l der S\u00fc\u00dforangen-Schale).<\/p>","protected":false},"excerpt":{"rendered":"<p>Experience the pure luxury of nature with Benar Lip Balm, a 100% natural formula crafted to deeply nourish and protect your lips. Housed in an elegant glass jar, this balm is infused with the comforting warmth of vanilla and the uplifting freshness of sweet orange essential oil\u2014a delicate fragrance blend that soothes the senses as &hellip; <a href=\"https:\/\/balilife-bodycare.com\/de\/produkt\/benar-lip-balm-vanilla-orange\/\" class=\"more-link\">Continue reading <span class=\"screen-reader-text\">Benar Lippenbalsam \u2013 Vanille &amp; Orange<\/span><\/a><\/p>","protected":false},"featured_media":5445,"template":"","meta":[],"product_brand":[],"product_cat":[101,97],"product_tag":[],"class_list":{"0":"post-5441","1":"product","2":"type-product","3":"status-publish","4":"has-post-thumbnail","6":"product_cat-best-sellers","7":"product_cat-health-welfare","10":"outofstock","11":"featured","12":"shipping-taxable","13":"purchasable","14":"product-type-variable"},"_links":{"self":[{"href":"https:\/\/balilife-bodycare.com\/de\/wp-json\/wp\/v2\/product\/5441","targetHints":{"allow":["GET"]}}],"collection":[{"href":"https:\/\/balilife-bodycare.com\/de\/wp-json\/wp\/v2\/product"}],"about":[{"href":"https:\/\/balilife-bodycare.com\/de\/wp-json\/wp\/v2\/types\/product"}],"version-history":[{"count":1,"href":"https:\/\/balilife-bodycare.com\/de\/wp-json\/wp\/v2\/product\/5441\/revisions"}],"predecessor-version":[{"id":5446,"href":"https:\/\/balilife-bodycare.com\/de\/wp-json\/wp\/v2\/product\/5441\/revisions\/5446"}],"wp:featuredmedia":[{"embeddable":true,"href":"https:\/\/balilife-bodycare.com\/de\/wp-json\/wp\/v2\/media\/5445"}],"wp:attachment":[{"href":"https:\/\/balilife-bodycare.com\/de\/wp-json\/wp\/v2\/media?parent=5441"}],"wp:term":[{"taxonomy":"product_brand","embeddable":true,"href":"https:\/\/balilife-bodycare.com\/de\/wp-json\/wp\/v2\/product_brand?post=5441"},{"taxonomy":"product_cat","embeddable":true,"href":"https:\/\/balilife-bodycare.com\/de\/wp-json\/wp\/v2\/product_cat?post=5441"},{"taxonomy":"product_tag","embeddable":true,"href":"https:\/\/balilife-bodycare.com\/de\/wp-json\/wp\/v2\/product_tag?post=5441"}],"curies":[{"name":"wp","href":"https:\/\/api.w.org\/{rel}","templated":true}]}}