{"id":5437,"date":"2025-08-25T16:37:29","date_gmt":"2025-08-25T16:37:29","guid":{"rendered":"https:\/\/balilife-bodycare.com\/?post_type=product&#038;p=5437"},"modified":"2026-04-03T07:54:26","modified_gmt":"2026-04-03T07:54:26","slug":"harum-body-cream-jasmine-cananga","status":"publish","type":"product","link":"https:\/\/balilife-bodycare.com\/de\/produkt\/harum-body-cream-jasmine-cananga\/","title":{"rendered":"Harum K\u00f6rpercreme \u2013 Jasmin &amp; Cananga"},"content":{"rendered":"<p>Verw\u00f6hnen Sie Ihre Haut mit der \u00fcppigen Ber\u00fchrung der Harum Body Cream \u2013 einer samtigen Mischung aus Feuchtigkeit und Schutz, durchzogen von der zeitlosen Eleganz des Jasmins und der sinnlichen W\u00e4rme von Ylang-Ylang. Diese Creme schmilzt m\u00fchelos in die Haut, hinterl\u00e4sst sie au\u00dfergew\u00f6hnlich weich und zart parf\u00fcmiert \u2013 eine Umarmung puren Luxus, die den ganzen Tag anh\u00e4lt.<\/p>\n<p>Entwickelt, um den Geist balinesischer Sch\u00f6nheitsrituale zu verk\u00f6rpern, bietet diese luxuri\u00f6se Creme:<\/p>\n<ul>\n<li>Spendet intensive, langanhaltende Feuchtigkeit<\/li>\n<li>Sch\u00fctzt die Haut mit nat\u00fcrlicher Pflanzenpflege<\/li>\n<li>Hinterl\u00e4sst eine Spur eines edlen, blumigen Dufts<\/li>\n<\/ul>\n<p><strong>Anwendung:<\/strong> Verteilen Sie die Creme gro\u00dfz\u00fcgig auf der frisch gereinigten Haut und konzentrieren Sie sich dabei auf Partien, die besondere Pflege ben\u00f6tigen. Lassen Sie die Creme mit langsamen, aufw\u00e4rts gerichteten Bewegungen einziehen und verwandeln Sie Ihre Hautpflege in ein Ritual voller Eleganz und Selbstf\u00fcrsorge.<\/p>\n<p><strong>Inhaltsstoffe:<\/strong> Aqua, Glycine Soja (Soja) \u00d6l, Stearins\u00e4ure, Glycerin, Cetylalkohol, Glycerylstearat SE, Benzylalkohol, Jasminum Sambac (Jasmin) Bl\u00fcten\u00f6l, Butyrospermum Parkii (Sheabutter), Tetranatriumglutamatdiacetat, Polyacrylat-Crosspolymer-6, Arachidylalkohol, Propandiol, Cananga Odorata (Cananga) Bl\u00fcten\u00f6l, Behenylalkohol, Arachidylglucosid, Tocopherylacetat (Vitamin E), Benzoes\u00e4ure, Dehydroessigs\u00e4ure.<\/p>","protected":false},"excerpt":{"rendered":"<p>Indulge your skin with the sumptuous touch of Harum Body Cream, a velvety blend of moisture and protection infused with the timeless elegance of jasmine and the sensual warmth of ylang-ylang. This cream melts effortlessly into the skin, leaving it exquisitely soft and delicately perfumed\u2014an embrace of luxury that lasts all day. Crafted to evoke &hellip; <a href=\"https:\/\/balilife-bodycare.com\/de\/produkt\/harum-body-cream-jasmine-cananga\/\" class=\"more-link\">Continue reading <span class=\"screen-reader-text\">Harum K\u00f6rpercreme \u2013 Jasmin &amp; Cananga<\/span><\/a><\/p>","protected":false},"featured_media":5438,"template":"","meta":[],"product_brand":[],"product_cat":[101,96],"product_tag":[],"class_list":{"0":"post-5437","1":"product","2":"type-product","3":"status-publish","4":"has-post-thumbnail","6":"product_cat-best-sellers","7":"product_cat-body-care","10":"instock","11":"featured","12":"shipping-taxable","13":"purchasable","14":"product-type-variable"},"_links":{"self":[{"href":"https:\/\/balilife-bodycare.com\/de\/wp-json\/wp\/v2\/product\/5437","targetHints":{"allow":["GET"]}}],"collection":[{"href":"https:\/\/balilife-bodycare.com\/de\/wp-json\/wp\/v2\/product"}],"about":[{"href":"https:\/\/balilife-bodycare.com\/de\/wp-json\/wp\/v2\/types\/product"}],"version-history":[{"count":1,"href":"https:\/\/balilife-bodycare.com\/de\/wp-json\/wp\/v2\/product\/5437\/revisions"}],"predecessor-version":[{"id":5440,"href":"https:\/\/balilife-bodycare.com\/de\/wp-json\/wp\/v2\/product\/5437\/revisions\/5440"}],"wp:featuredmedia":[{"embeddable":true,"href":"https:\/\/balilife-bodycare.com\/de\/wp-json\/wp\/v2\/media\/5438"}],"wp:attachment":[{"href":"https:\/\/balilife-bodycare.com\/de\/wp-json\/wp\/v2\/media?parent=5437"}],"wp:term":[{"taxonomy":"product_brand","embeddable":true,"href":"https:\/\/balilife-bodycare.com\/de\/wp-json\/wp\/v2\/product_brand?post=5437"},{"taxonomy":"product_cat","embeddable":true,"href":"https:\/\/balilife-bodycare.com\/de\/wp-json\/wp\/v2\/product_cat?post=5437"},{"taxonomy":"product_tag","embeddable":true,"href":"https:\/\/balilife-bodycare.com\/de\/wp-json\/wp\/v2\/product_tag?post=5437"}],"curies":[{"name":"wp","href":"https:\/\/api.w.org\/{rel}","templated":true}]}}