{"id":5361,"date":"2025-08-13T15:13:51","date_gmt":"2025-08-13T15:13:51","guid":{"rendered":"https:\/\/balilife-bodycare.com\/?post_type=product&#038;p=5361"},"modified":"2026-04-03T07:54:26","modified_gmt":"2026-04-03T07:54:26","slug":"kaffir-lime-lemon-shampoo","status":"publish","type":"product","link":"https:\/\/balilife-bodycare.com\/de\/produkt\/kaffir-lime-lemon-shampoo\/","title":{"rendered":"Kaffir lime lemon shampoo"},"content":{"rendered":"<p>Beleben Sie Ihre Sinne und reinigen und pflegen Sie Ihr Haar und Ihre Kopfhaut intensiv mit unserem veganen **Segar Shampoo**. Es erzeugt einen wunderbar reichhaltigen Schaum, der chemische R\u00fcckst\u00e4nde handels\u00fcblicher Shampoos entfernt und gleichzeitig den pH-Wert Ihres Haares auf nat\u00fcrliche Weise ausgleicht.<\/p>\n<p>Seine Zitrus\u00f6le sorgen w\u00e4hrend und nach dem Shampoonieren f\u00fcr ein erfrischendes Gef\u00fchl und bieten gleichzeitig gro\u00dfe Vorteile f\u00fcr Ihr Haar. **Kaffir-Limetten\u00f6l**, mit seinen antioxidativen Eigenschaften, ist hervorragend zur Behandlung von Schuppen und Juckreiz geeignet. **Orangen- und Zitronen\u00f6l** spielen eine wichtige Rolle bei der F\u00f6rderung des Haarwachstums, da sie reich an Vitamin C sind, das die Kollagenproduktion unterst\u00fctzt.<\/p>\n<p>Entdecken Sie hier unser **Bali-Haarpflege-Sortiment**.<\/p>","protected":false},"excerpt":{"rendered":"<p>Awaken your senses and deeply cleanse and moisturize your hair and scalp with our vegan shampoo. Segar Shampoo delivers a wonderfully rich foam that will remove the chemical residues left by commercial shampoos as well as balance the pH of your hair naturally. Its citrus oils provide a refreshing feeling during and after shampooing as &hellip; <a href=\"https:\/\/balilife-bodycare.com\/de\/produkt\/kaffir-lime-lemon-shampoo\/\" class=\"more-link\">Continue reading <span class=\"screen-reader-text\">Kaffir lime lemon shampoo<\/span><\/a><\/p>","protected":false},"featured_media":5362,"template":"","meta":[],"product_brand":[],"product_cat":[110],"product_tag":[],"class_list":{"0":"post-5361","1":"product","2":"type-product","3":"status-publish","4":"has-post-thumbnail","6":"product_cat-lemongrass","9":"instock","10":"shipping-taxable","11":"purchasable","12":"product-type-simple"},"_links":{"self":[{"href":"https:\/\/balilife-bodycare.com\/de\/wp-json\/wp\/v2\/product\/5361","targetHints":{"allow":["GET"]}}],"collection":[{"href":"https:\/\/balilife-bodycare.com\/de\/wp-json\/wp\/v2\/product"}],"about":[{"href":"https:\/\/balilife-bodycare.com\/de\/wp-json\/wp\/v2\/types\/product"}],"version-history":[{"count":2,"href":"https:\/\/balilife-bodycare.com\/de\/wp-json\/wp\/v2\/product\/5361\/revisions"}],"predecessor-version":[{"id":5466,"href":"https:\/\/balilife-bodycare.com\/de\/wp-json\/wp\/v2\/product\/5361\/revisions\/5466"}],"wp:featuredmedia":[{"embeddable":true,"href":"https:\/\/balilife-bodycare.com\/de\/wp-json\/wp\/v2\/media\/5362"}],"wp:attachment":[{"href":"https:\/\/balilife-bodycare.com\/de\/wp-json\/wp\/v2\/media?parent=5361"}],"wp:term":[{"taxonomy":"product_brand","embeddable":true,"href":"https:\/\/balilife-bodycare.com\/de\/wp-json\/wp\/v2\/product_brand?post=5361"},{"taxonomy":"product_cat","embeddable":true,"href":"https:\/\/balilife-bodycare.com\/de\/wp-json\/wp\/v2\/product_cat?post=5361"},{"taxonomy":"product_tag","embeddable":true,"href":"https:\/\/balilife-bodycare.com\/de\/wp-json\/wp\/v2\/product_tag?post=5361"}],"curies":[{"name":"wp","href":"https:\/\/api.w.org\/{rel}","templated":true}]}}