{"id":5346,"date":"2025-08-13T14:59:04","date_gmt":"2025-08-13T14:59:04","guid":{"rendered":"https:\/\/balilife-bodycare.com\/?post_type=product&#038;p=5346"},"modified":"2025-10-13T08:09:41","modified_gmt":"2025-10-13T08:09:41","slug":"cempaka-sugar-scrub","status":"publish","type":"product","link":"https:\/\/balilife-bodycare.com\/de\/produkt\/cempaka-sugar-scrub\/","title":{"rendered":"Cempaka Zuckerpeeling"},"content":{"rendered":"<p>Lassen Sie sich vom zarten Duft unseres Muda Zuckerpeelings verf\u00fchren, hergestellt aus Cempaka-Bl\u00fcten\u00f6l. Urspr\u00fcnglich aus S\u00fcdostasien stammend, verleiht Cempaka beruhigende florale Noten, denen nachgesagt wird, dass sie\u2026\u00a0<b>uplift the mood and reduce stress.<\/b>\u00a0It also has antioxidant properties that deeply\u00a0<b>moisturise and rejuvenate skin cells.\u00a0<\/b><\/p>\n<p>Die Verwendung des Muda Zuckerpeelings in Ihrer Bali-Hautpflegeroutine hebt Ihren K\u00f6rper auf die n\u00e4chste Stufe, entfernt abgestorbene Hautzellen und verleiht strahlenden Glanz!<\/p>\n<p>Die Hauptwirkung unseres nat\u00fcrlichen, umweltfreundlichen Zuckerpeelings ist die Peelingpflege, bei der die \u00e4u\u00dfere Schicht abgestorbener Hautzellen entfernt wird. Im Wesentlichen\u2026\u00a0<b>\u2026f\u00f6rdert die Zellerneuerung und l\u00e4sst ges\u00fcndere, strahlende Hautoberfl\u00e4chen zum Vorschein kommen.<\/b><\/p>\n<p>Regelm\u00e4\u00dfiges Peeling f\u00f6rdert die Durchblutung der Haut, was wiederum die Kollagenproduktion anregt. Dieses Protein ist unter anderem daf\u00fcr verantwortlich, dass\u2026\u00a0<b>\u2026die Elastizit\u00e4t der Haut.<\/b>\u00a0Mit anderen Worten kann die Anwendung des Zuckerpeelings direkt die\u2026\u00a0<b>\u2026Reduzierung feiner Linien und Falten.<\/b><\/p>\n<p>Erfahren Sie hier mehr \u00fcber die Vorteile des Cempaka-Bl\u00fcten\u00f6ls.<\/p>","protected":false},"excerpt":{"rendered":"<p>Let yourself be seduced by the delicate fragrance of our Muda Sugar Scrub, made of cempaka flower oil. Native to Southeast Asia, cempaka brings calming floral notes claimed to\u00a0uplift the mood and reduce stress.\u00a0It also has antioxidant properties that deeply\u00a0moisturise and rejuvenate skin cells.\u00a0 Adding Muda Sugar Scrub to your Bali skin routine will elevate &hellip; <a href=\"https:\/\/balilife-bodycare.com\/de\/produkt\/cempaka-sugar-scrub\/\" class=\"more-link\">Continue reading <span class=\"screen-reader-text\">Cempaka Zuckerpeeling<\/span><\/a><\/p>","protected":false},"featured_media":5347,"template":"","meta":[],"product_brand":[],"product_cat":[96,107],"product_tag":[],"class_list":{"0":"post-5346","1":"product","2":"type-product","3":"status-publish","4":"has-post-thumbnail","6":"product_cat-body-care","7":"product_cat-cempaka","10":"instock","11":"shipping-taxable","12":"purchasable","13":"product-type-simple"},"_links":{"self":[{"href":"https:\/\/balilife-bodycare.com\/de\/wp-json\/wp\/v2\/product\/5346","targetHints":{"allow":["GET"]}}],"collection":[{"href":"https:\/\/balilife-bodycare.com\/de\/wp-json\/wp\/v2\/product"}],"about":[{"href":"https:\/\/balilife-bodycare.com\/de\/wp-json\/wp\/v2\/types\/product"}],"version-history":[{"count":1,"href":"https:\/\/balilife-bodycare.com\/de\/wp-json\/wp\/v2\/product\/5346\/revisions"}],"predecessor-version":[{"id":5349,"href":"https:\/\/balilife-bodycare.com\/de\/wp-json\/wp\/v2\/product\/5346\/revisions\/5349"}],"wp:featuredmedia":[{"embeddable":true,"href":"https:\/\/balilife-bodycare.com\/de\/wp-json\/wp\/v2\/media\/5347"}],"wp:attachment":[{"href":"https:\/\/balilife-bodycare.com\/de\/wp-json\/wp\/v2\/media?parent=5346"}],"wp:term":[{"taxonomy":"product_brand","embeddable":true,"href":"https:\/\/balilife-bodycare.com\/de\/wp-json\/wp\/v2\/product_brand?post=5346"},{"taxonomy":"product_cat","embeddable":true,"href":"https:\/\/balilife-bodycare.com\/de\/wp-json\/wp\/v2\/product_cat?post=5346"},{"taxonomy":"product_tag","embeddable":true,"href":"https:\/\/balilife-bodycare.com\/de\/wp-json\/wp\/v2\/product_tag?post=5346"}],"curies":[{"name":"wp","href":"https:\/\/api.w.org\/{rel}","templated":true}]}}