{"id":4818,"date":"2025-03-08T19:12:01","date_gmt":"2025-03-08T19:12:01","guid":{"rendered":"https:\/\/balilife-bodycare.com\/?post_type=product&#038;p=4818"},"modified":"2026-01-07T23:10:13","modified_gmt":"2026-01-07T23:10:13","slug":"lunak-hand-cream","status":"publish","type":"product","link":"https:\/\/balilife-bodycare.com\/de\/produkt\/lunak-hand-cream\/","title":{"rendered":"Lunak Handcreme"},"content":{"rendered":"<p><span style=\"font-weight: 400;\"><span style=\"vertical-align: inherit;\">Unsere Lunak Handcreme, angereichert mit Kokos-, Frangipani- und Mandel\u00f6len, ist die perfekte Pflege f\u00fcr trockene und rissige Haut. Kokos\u00f6l enth\u00e4lt Vitamin\u202fE, ein kraftvolles Antioxidans, das\u2026 <\/span><\/span><b><span style=\"vertical-align: inherit;\">\u2026die vorzeitige Hautalterung verhindert.<\/span><\/b><span style=\"font-weight: 400;\"><span style=\"vertical-align: inherit;\">.<\/span><\/span><\/p>\n<p><span style=\"font-weight: 400;\"><span style=\"vertical-align: inherit;\">Frangipani-\u00d6l\u00a0<\/span><\/span><b><span style=\"vertical-align: inherit;\">\u2026h\u00e4lt die Haut geschmeidig und straff. <\/span><\/b><span style=\"font-weight: 400;\"><span style=\"vertical-align: inherit;\">Dank Lignin, einer in vielen Pflanzen vorkommenden organischen Substanz. Mandel\u00f6l ist reich an unges\u00e4ttigten Fetts\u00e4uren und besonders pflegend, was bedeutet, dass es\u2026 <\/span><\/span><b><span style=\"vertical-align: inherit;\">\u2026die Aufnahme von Feuchtigkeit ausgleicht und den Wasserverlust reduziert.<\/span><\/b><span style=\"font-weight: 400;\"><span style=\"vertical-align: inherit;\">.<\/span><\/span><\/p>\n<p><span style=\"font-weight: 400;\"><span style=\"vertical-align: inherit;\">Entdecken Sie die Vorteile der Verwendung nat\u00fcrlicher Produkte aus Bali. <a title=\"Sustainable and ethical skincare in Bali\" href=\"https:\/\/balilife-bodycare.com\/de\/blogs\/blog\/bali-life-body-care-the-pinnacle-of-sustainable-and-ethical-skin-care\/\" target=\"_blank\" rel=\"noopener\">hier.<\/a><\/span><\/span><\/p>","protected":false},"excerpt":{"rendered":"<p>Enriched with coconut, frangipani and almond oils, our Lunak Hand Cream is the perfect treatment for dry and cracked skin. Coconut oil contains vitamin E, a powerful antioxidant that prevents premature ageing of the skin. Frangipani oil\u00a0keeps skin supple and toned thanks to lignin, an organic substance found in many plants. Almond oil is rich &hellip; <a href=\"https:\/\/balilife-bodycare.com\/de\/produkt\/lunak-hand-cream\/\" class=\"more-link\">Continue reading <span class=\"screen-reader-text\">Lunak Handcreme<\/span><\/a><\/p>","protected":false},"featured_media":5178,"template":"","meta":[],"product_brand":[],"product_cat":[101,97],"product_tag":[],"class_list":{"0":"post-4818","1":"product","2":"type-product","3":"status-publish","4":"has-post-thumbnail","6":"product_cat-best-sellers","7":"product_cat-health-welfare","10":"instock","11":"shipping-taxable","12":"purchasable","13":"product-type-variable","14":"has-default-attributes"},"_links":{"self":[{"href":"https:\/\/balilife-bodycare.com\/de\/wp-json\/wp\/v2\/product\/4818","targetHints":{"allow":["GET"]}}],"collection":[{"href":"https:\/\/balilife-bodycare.com\/de\/wp-json\/wp\/v2\/product"}],"about":[{"href":"https:\/\/balilife-bodycare.com\/de\/wp-json\/wp\/v2\/types\/product"}],"version-history":[{"count":1,"href":"https:\/\/balilife-bodycare.com\/de\/wp-json\/wp\/v2\/product\/4818\/revisions"}],"predecessor-version":[{"id":4821,"href":"https:\/\/balilife-bodycare.com\/de\/wp-json\/wp\/v2\/product\/4818\/revisions\/4821"}],"wp:featuredmedia":[{"embeddable":true,"href":"https:\/\/balilife-bodycare.com\/de\/wp-json\/wp\/v2\/media\/5178"}],"wp:attachment":[{"href":"https:\/\/balilife-bodycare.com\/de\/wp-json\/wp\/v2\/media?parent=4818"}],"wp:term":[{"taxonomy":"product_brand","embeddable":true,"href":"https:\/\/balilife-bodycare.com\/de\/wp-json\/wp\/v2\/product_brand?post=4818"},{"taxonomy":"product_cat","embeddable":true,"href":"https:\/\/balilife-bodycare.com\/de\/wp-json\/wp\/v2\/product_cat?post=4818"},{"taxonomy":"product_tag","embeddable":true,"href":"https:\/\/balilife-bodycare.com\/de\/wp-json\/wp\/v2\/product_tag?post=4818"}],"curies":[{"name":"wp","href":"https:\/\/api.w.org\/{rel}","templated":true}]}}