{"id":4814,"date":"2025-03-08T19:10:32","date_gmt":"2025-03-08T19:10:32","guid":{"rendered":"https:\/\/balilife-bodycare.com\/?post_type=product&#038;p=4814"},"modified":"2026-04-03T07:54:26","modified_gmt":"2026-04-03T07:54:26","slug":"bunga-shower-gel","status":"publish","type":"product","link":"https:\/\/balilife-bodycare.com\/de\/produkt\/bunga-shower-gel\/","title":{"rendered":"Bunga Duschgel"},"content":{"rendered":"<p><span style=\"font-weight: 400;\">Das Bunga Duschgel entf\u00fchrt Sie in die tropischen W\u00e4lder Balis und verleiht Ihrer Dusche ein angenehmes Sinneserlebnis. Zart und erfrischend, dabei exotisch und verf\u00fchrerisch, ist der Duft von Cempaka ideal f\u00fcr\u2026 <\/span><b>\u2026beruhigend und entspannend f\u00fcr Ihren K\u00f6rper.<\/b><span style=\"font-weight: 400;\"> nach einem langen Tag<\/span><\/p>\n<p><span style=\"font-weight: 400;\">Die Chempaka-Blume enth\u00e4lt antioxidative Eigenschaften, die \u2026 <\/span><b>die Hautzellen tiefgehend mit Feuchtigkeit versorgen und regenerieren<\/b><span style=\"font-weight: 400;\">sowie adstringierende Eigenschaften, die \u2026 <\/span><b>Entz\u00fcndungen der Haut lindern und gleichzeitig straffend und festigend wirken. <\/b>Um die Vorteile zu entdecken, klicken Sie <a title=\"Benefits of Cempaka flower\" href=\"https:\/\/www.netmeds.com\/health-library\/post\/champaca-oil-5-wondrous-benefits-of-this-natural-elixir-for-youthful-skin-infographic?srsltid=AfmBOorhiZrnQIONXV4ezggg14HzMsvJzFHDVTnFj57mS9bhdhrSODKO\">hier.<\/a><\/p>\n<p><span style=\"font-weight: 400;\">**Bunga Duschgel** wird Ihre Haut f\u00fchlen lassen \u2026 <\/span><b>sauber, erfrischt und zart duftend.<\/b><span style=\"font-weight: 400;\"> Seine nat\u00fcrlichen Inhaltsstoffe reinigen und spenden intensiv Feuchtigkeit, w\u00e4hrend sie den pH-Wert Ihrer Haut ausgleichen, sodass es \u2026 <\/span><b>sicher f\u00fcr die t\u00e4gliche Anwendung und f\u00fcr jeden Hauttyp geeignet ist.<\/b><\/p>\n<p>Erfahren Sie den Unterschied zwischen **Duschgel** und **Body Wash**. <a title=\"What is the difference between shower gel and body wash?\" href=\"https:\/\/balilife-bodycare.com\/de\/blogs\/blog\/understanding-the-difference-between-shower-gel-and-body-wash-cempaka-shower-gel-vs-bali-breeze-body-wash\/\" target=\"_blank\" rel=\"noopener\">hier.<\/a><\/p>","protected":false},"excerpt":{"rendered":"<p>Bunga Shower Gel will take you to the tropical forests in Bali and add to your shower time a pleasant sensorial experience. Delicate and refreshing, but yet exotic and seductive, the fragrance of chempaka is ideal for calming and loosening your body after a long day. The chempaka flower contains antioxidant properties that deeply moisturise &hellip; <a href=\"https:\/\/balilife-bodycare.com\/de\/produkt\/bunga-shower-gel\/\" class=\"more-link\">Continue reading <span class=\"screen-reader-text\">Bunga Duschgel<\/span><\/a><\/p>","protected":false},"featured_media":5415,"template":"","meta":[],"product_brand":[],"product_cat":[96,107],"product_tag":[],"class_list":{"0":"post-4814","1":"product","2":"type-product","3":"status-publish","4":"has-post-thumbnail","6":"product_cat-body-care","7":"product_cat-cempaka","10":"instock","11":"shipping-taxable","12":"purchasable","13":"product-type-variable","14":"has-default-attributes"},"_links":{"self":[{"href":"https:\/\/balilife-bodycare.com\/de\/wp-json\/wp\/v2\/product\/4814","targetHints":{"allow":["GET"]}}],"collection":[{"href":"https:\/\/balilife-bodycare.com\/de\/wp-json\/wp\/v2\/product"}],"about":[{"href":"https:\/\/balilife-bodycare.com\/de\/wp-json\/wp\/v2\/types\/product"}],"version-history":[{"count":1,"href":"https:\/\/balilife-bodycare.com\/de\/wp-json\/wp\/v2\/product\/4814\/revisions"}],"predecessor-version":[{"id":4817,"href":"https:\/\/balilife-bodycare.com\/de\/wp-json\/wp\/v2\/product\/4814\/revisions\/4817"}],"wp:featuredmedia":[{"embeddable":true,"href":"https:\/\/balilife-bodycare.com\/de\/wp-json\/wp\/v2\/media\/5415"}],"wp:attachment":[{"href":"https:\/\/balilife-bodycare.com\/de\/wp-json\/wp\/v2\/media?parent=4814"}],"wp:term":[{"taxonomy":"product_brand","embeddable":true,"href":"https:\/\/balilife-bodycare.com\/de\/wp-json\/wp\/v2\/product_brand?post=4814"},{"taxonomy":"product_cat","embeddable":true,"href":"https:\/\/balilife-bodycare.com\/de\/wp-json\/wp\/v2\/product_cat?post=4814"},{"taxonomy":"product_tag","embeddable":true,"href":"https:\/\/balilife-bodycare.com\/de\/wp-json\/wp\/v2\/product_tag?post=4814"}],"curies":[{"name":"wp","href":"https:\/\/api.w.org\/{rel}","templated":true}]}}