{"id":4809,"date":"2025-03-08T19:08:53","date_gmt":"2025-03-08T19:08:53","guid":{"rendered":"https:\/\/balilife-bodycare.com\/?post_type=product&#038;p=4809"},"modified":"2025-12-01T14:07:30","modified_gmt":"2025-12-01T14:07:30","slug":"asli-face-oil","status":"publish","type":"product","link":"https:\/\/balilife-bodycare.com\/de\/produkt\/asli-face-oil\/","title":{"rendered":"Asli Gesichts\u00f6l"},"content":{"rendered":"<p><span style=\"font-weight: 400;\">Der Wasserlilien-Extrakt dieses Gesichts\u00f6ls schmilzt in Ihre Haut und hinterl\u00e4sst sie stundenlang glatt, geschmeidig und intensiv mit Feuchtigkeit versorgt. Das **feuchtigkeitsspendendste und beruhigendste Gesichts\u00f6l** in Bali.<\/span><\/p>\n<p><span style=\"font-weight: 400;\">Diese Wasserblume ist ein hervorragender Feuchtigkeitsspender,\u00a0<\/span><b>der \u2026 bietet<\/b> <b>sofortige Feuchtigkeit f\u00fcr die Haut und bietet zudem antioxidative, beruhigende und entz\u00fcndungshemmende Eigenschaften.<\/b><\/p>\n<p><span style=\"font-weight: 400;\">Das **Asli Gesichts\u00f6l** enth\u00e4lt au\u00dferdem Mandel- und Avocado\u00f6l, die beide reich an Fetts\u00e4uren und Vitamin E sind, was dabei hilft, \u2026<\/span><b> die Haut tiefgehend mit Feuchtigkeit zu versorgen und Entz\u00fcndungen zu bek\u00e4mpfen.<\/b><span style=\"font-weight: 400;\">.<\/span><\/p>\n<p><span style=\"font-weight: 400;\">Perfekt, um in Ihre **Post-Bali-Skincare-Routine nach dem Strand** integriert zu werden.<\/span><\/p>\n<p><span style=\"font-weight: 400;\">Dieses pflegende Gesichts\u00f6l enth\u00e4lt keine zugesetzten Duftstoffe und ist\u2026 <\/span><b>\u2026f\u00fcr alle Hauttypen geeignet.<\/b><span style=\"font-weight: 400;\">, auch f\u00fcr fettige Hauttypen. Beachten Sie, dass Gesichts\u00f6l keinen Ersatz f\u00fcr Ihre Feuchtigkeitscreme darstellt, da es nicht in tiefere Hautschichten eindringt. Stattdessen verbleibt es n\u00e4her an der obersten Hautschicht, Ihrer gesunden Hautbarriere, spendet Feuchtigkeit und bietet Schutz.<\/span><\/p>\n<p><span style=\"font-weight: 400;\">Erfahren Sie mehr \u00fcber die Vorteile des Seerosenextrakts. <a title=\"Water Lily Benefits\" href=\"https:\/\/www.ncbi.nlm.nih.gov\/pmc\/articles\/PMC9834888\/\" target=\"_blank\" rel=\"noopener\">hier.<\/a><\/span><\/p>\n<p><span style=\"font-weight: 400;\">*Unserer Meinung nach<\/span><\/p>","protected":false},"excerpt":{"rendered":"<p>The water lily extract of this face oil melts into your skin leaving it smooth, supple and hydrated for hours. The *most* hydrating and soothing face oil in Bali. This aquatic flower is an excellent moisturiser,\u00a0providing instant hydration to the skin as well as antioxidant, soothing and anti-inflammatory properties. Asli Face Oil also contains almond &hellip; <a href=\"https:\/\/balilife-bodycare.com\/de\/produkt\/asli-face-oil\/\" class=\"more-link\">Continue reading <span class=\"screen-reader-text\">Asli Gesichts\u00f6l<\/span><\/a><\/p>","protected":false},"featured_media":4811,"template":"","meta":[],"product_brand":[],"product_cat":[100],"product_tag":[],"class_list":{"0":"post-4809","1":"product","2":"type-product","3":"status-publish","4":"has-post-thumbnail","6":"product_cat-face-care","9":"instock","10":"shipping-taxable","11":"purchasable","12":"product-type-variable"},"_links":{"self":[{"href":"https:\/\/balilife-bodycare.com\/de\/wp-json\/wp\/v2\/product\/4809","targetHints":{"allow":["GET"]}}],"collection":[{"href":"https:\/\/balilife-bodycare.com\/de\/wp-json\/wp\/v2\/product"}],"about":[{"href":"https:\/\/balilife-bodycare.com\/de\/wp-json\/wp\/v2\/types\/product"}],"version-history":[{"count":1,"href":"https:\/\/balilife-bodycare.com\/de\/wp-json\/wp\/v2\/product\/4809\/revisions"}],"predecessor-version":[{"id":4813,"href":"https:\/\/balilife-bodycare.com\/de\/wp-json\/wp\/v2\/product\/4809\/revisions\/4813"}],"wp:featuredmedia":[{"embeddable":true,"href":"https:\/\/balilife-bodycare.com\/de\/wp-json\/wp\/v2\/media\/4811"}],"wp:attachment":[{"href":"https:\/\/balilife-bodycare.com\/de\/wp-json\/wp\/v2\/media?parent=4809"}],"wp:term":[{"taxonomy":"product_brand","embeddable":true,"href":"https:\/\/balilife-bodycare.com\/de\/wp-json\/wp\/v2\/product_brand?post=4809"},{"taxonomy":"product_cat","embeddable":true,"href":"https:\/\/balilife-bodycare.com\/de\/wp-json\/wp\/v2\/product_cat?post=4809"},{"taxonomy":"product_tag","embeddable":true,"href":"https:\/\/balilife-bodycare.com\/de\/wp-json\/wp\/v2\/product_tag?post=4809"}],"curies":[{"name":"wp","href":"https:\/\/api.w.org\/{rel}","templated":true}]}}