{"id":27,"date":"2021-10-19T03:51:32","date_gmt":"2021-10-19T03:51:32","guid":{"rendered":"https:\/\/hara.thembaydev.com\/demo-2\/?page_id=27"},"modified":"2025-08-25T17:22:42","modified_gmt":"2025-08-25T17:22:42","slug":"about-us","status":"publish","type":"page","link":"https:\/\/balilife-bodycare.com\/de\/about-us\/","title":{"rendered":"\u00dcber Uns"},"content":{"rendered":"<div data-elementor-type=\"wp-page\" data-elementor-id=\"27\" class=\"elementor elementor-27\" data-elementor-post-type=\"page\">\n\t\t\t\t\t\t<section class=\"elementor-section elementor-top-section elementor-element elementor-element-484eec31 elementor-section-stretched elementor-section-boxed elementor-section-height-default elementor-section-height-default\" data-id=\"484eec31\" data-element_type=\"section\" data-e-type=\"section\" data-settings=\"{&quot;stretch_section&quot;:&quot;section-stretched&quot;}\">\n\t\t\t\t\t\t<div class=\"elementor-container elementor-column-gap-default\">\n\t\t\t\t\t<div class=\"elementor-column elementor-col-50 elementor-top-column elementor-element elementor-element-72e96c73\" data-id=\"72e96c73\" data-element_type=\"column\" data-e-type=\"column\">\n\t\t\t<div class=\"elementor-widget-wrap elementor-element-populated\">\n\t\t\t\t\t\t<div class=\"elementor-element elementor-element-2e2a5a5c elementor-widget elementor-widget-image\" data-id=\"2e2a5a5c\" data-element_type=\"widget\" data-e-type=\"widget\" data-widget_type=\"image.default\">\n\t\t\t\t<div class=\"elementor-widget-container\">\n\t\t\t\t\t\t\t\t\t\t\t\t\t\t\t<img fetchpriority=\"high\" decoding=\"async\" width=\"1211\" height=\"879\" src=\"https:\/\/balilife-bodycare.com\/wp-content\/uploads\/2025\/05\/EDITH-SZABO-FOUNDER-CEO-OF-BALI-LIFE-BODY-CARE.png\" class=\"attachment-full size-full wp-image-5168\" alt=\"\" \/>\t\t\t\t\t\t\t\t\t\t\t\t\t\t\t<\/div>\n\t\t\t\t<\/div>\n\t\t\t\t\t<\/div>\n\t\t<\/div>\n\t\t\t\t<div class=\"elementor-column elementor-col-50 elementor-top-column elementor-element elementor-element-634d5c8a\" data-id=\"634d5c8a\" data-element_type=\"column\" data-e-type=\"column\">\n\t\t\t<div class=\"elementor-widget-wrap elementor-element-populated\">\n\t\t\t\t\t\t<div class=\"elementor-element elementor-element-7b38328 elementor-widget elementor-widget-tbay-heading\" data-id=\"7b38328\" data-element_type=\"widget\" data-e-type=\"widget\" data-widget_type=\"tbay-heading.default\">\n\t\t\t\t<div class=\"elementor-widget-container\">\n\t\t\t\t\t\r\n<div class=\"tbay-element tbay-element-heading\">\r\n\t\t\t\t<h3 class=\"heading-tbay-title style-1\">\r\n                \r\n                 \r\n\r\n\t\t\t\t\t\t\t\t\t<span class=\"title\">Willkommen bei Bali Life Body Care<\/span>\r\n\t\t\t\t\t    \t\r\n\r\n                \r\n                <i aria-hidden=\"true\" class=\"tb-icon tb-icon-wave\"><\/i>\r\n\t\t\t<\/h3>\r\n        <\/div>\t\t\t\t<\/div>\n\t\t\t\t<\/div>\n\t\t\t\t<div class=\"elementor-element elementor-element-53537919 elementor-widget elementor-widget-text-editor\" data-id=\"53537919\" data-element_type=\"widget\" data-e-type=\"widget\" data-widget_type=\"text-editor.default\">\n\t\t\t\t<div class=\"elementor-widget-container\">\n\t\t\t\t\t\t\t\t\t<p>Bali Life Body Care hat seinen Ursprung in Ubud, im Herzen von Bali. Unsere Mission ist es, einige von Balis au\u00dfergew\u00f6hnlichen Traditionen mit unseren Kunden zu teilen \u2013 mit der Unterst\u00fctzung talentierter Balinesen, die sich der Bewahrung ihrer Kultur und Umwelt widmen.<\/p>\t\t\t\t\t\t\t\t<\/div>\n\t\t\t\t<\/div>\n\t\t\t\t<div class=\"elementor-element elementor-element-c19813b elementor-widget elementor-widget-text-editor\" data-id=\"c19813b\" data-element_type=\"widget\" data-e-type=\"widget\" data-widget_type=\"text-editor.default\">\n\t\t\t\t<div class=\"elementor-widget-container\">\n\t\t\t\t\t\t\t\t\t<p>Unsere au\u00dfergew\u00f6hnliche Verpackung wird von erfahrenen einheimischen Kunsthandwerkern aus nat\u00fcrlichen Materialien wie geflochtenem Bambus und Palmbl\u00e4ttern hergestellt. Einen Teil unserer Verpackungen beziehen wir zudem von einer humanit\u00e4ren Organisation mit Sitz in Kuta, um Balis beeindruckende Gemeinschaft zu unterst\u00fctzen. Unsere saisonalen Boxen bieten mehr als nur Produkte \u2013 wir m\u00f6chten ein ganzheitliches Erlebnis schaffen, indem wir unseren Produkten lokale Namen geben, die die musikalische Sprache der Insel widerspiegeln.<\/p>\t\t\t\t\t\t\t\t<\/div>\n\t\t\t\t<\/div>\n\t\t\t\t\t<\/div>\n\t\t<\/div>\n\t\t\t\t\t<\/div>\n\t\t<\/section>\n\t\t\t\t<section class=\"elementor-section elementor-top-section elementor-element elementor-element-6d92b80 elementor-section-stretched elementor-section-content-middle elementor-section-boxed elementor-section-height-default elementor-section-height-default\" data-id=\"6d92b80\" data-element_type=\"section\" data-e-type=\"section\" data-settings=\"{&quot;stretch_section&quot;:&quot;section-stretched&quot;}\">\n\t\t\t\t\t\t<div class=\"elementor-container elementor-column-gap-default\">\n\t\t\t\t\t<div class=\"elementor-column elementor-col-50 elementor-top-column elementor-element elementor-element-1dcde47\" data-id=\"1dcde47\" data-element_type=\"column\" data-e-type=\"column\">\n\t\t\t<div class=\"elementor-widget-wrap elementor-element-populated\">\n\t\t\t\t\t\t<div class=\"elementor-element elementor-element-5f0bf96 elementor-widget elementor-widget-text-editor\" data-id=\"5f0bf96\" data-element_type=\"widget\" data-e-type=\"widget\" data-widget_type=\"text-editor.default\">\n\t\t\t\t<div class=\"elementor-widget-container\">\n\t\t\t\t\t\t\t\t\t<p>Als ich zum ersten Mal in Bali ankam, war ich von seiner bezaubernden Sch\u00f6nheit und geheimnisvollen Anziehungskraft fasziniert. Mit der Zeit erkannte ich die Tiefe und den Reichtum der balinesischen Kultur \u2013 von den farbenpr\u00e4chtigen Zeremonien zu Ehren der Ahnen bis hin zum kunstvollen Handwerk, das jeden Aspekt des t\u00e4glichen Lebens durchdringt. Bali strahlt ein einzigartiges Gef\u00fchl von Ruhe und Harmonie aus, das nirgendwo sonst zu finden ist, und er\u00f6ffnete mir eine neue Lebensweise, die zutiefst mit der Natur verbunden ist.<\/p>\t\t\t\t\t\t\t\t<\/div>\n\t\t\t\t<\/div>\n\t\t\t\t<div class=\"elementor-element elementor-element-470749d elementor-widget elementor-widget-text-editor\" data-id=\"470749d\" data-element_type=\"widget\" data-e-type=\"widget\" data-widget_type=\"text-editor.default\">\n\t\t\t\t<div class=\"elementor-widget-container\">\n\t\t\t\t\t\t\t\t\t<p>Unsere au\u00dfergew\u00f6hnliche Verpackung wird von erfahrenen einheimischen Kunsthandwerkern aus nat\u00fcrlichen Materialien wie geflochtenem Bambus und Palmbl\u00e4ttern hergestellt. Einen Teil unserer Verpackungen beziehen wir zudem von einer humanit\u00e4ren Organisation mit Sitz in Kuta, um Balis beeindruckende Gemeinschaft zu unterst\u00fctzen. Unsere saisonalen Boxen bieten mehr als nur Produkte \u2013 wir m\u00f6chten ein ganzheitliches Erlebnis schaffen, indem wir unseren Produkten lokale Namen geben, die die musikalische Sprache der Insel widerspiegeln.<\/p>\t\t\t\t\t\t\t\t<\/div>\n\t\t\t\t<\/div>\n\t\t\t\t\t<\/div>\n\t\t<\/div>\n\t\t\t\t<div class=\"elementor-column elementor-col-50 elementor-top-column elementor-element elementor-element-0dd1989\" data-id=\"0dd1989\" data-element_type=\"column\" data-e-type=\"column\">\n\t\t\t<div class=\"elementor-widget-wrap elementor-element-populated\">\n\t\t\t\t\t\t<div class=\"elementor-element elementor-element-2a9fde9 elementor-widget elementor-widget-image\" data-id=\"2a9fde9\" data-element_type=\"widget\" data-e-type=\"widget\" data-widget_type=\"image.default\">\n\t\t\t\t<div class=\"elementor-widget-container\">\n\t\t\t\t\t\t\t\t\t\t\t\t\t\t\t<img decoding=\"async\" width=\"1024\" height=\"741\" src=\"https:\/\/balilife-bodycare.com\/wp-content\/uploads\/2025\/04\/IMG_4081_1024x1024.webp\" class=\"attachment-full size-full wp-image-4905\" alt=\"\" \/>\t\t\t\t\t\t\t\t\t\t\t\t\t\t\t<\/div>\n\t\t\t\t<\/div>\n\t\t\t\t\t<\/div>\n\t\t<\/div>\n\t\t\t\t\t<\/div>\n\t\t<\/section>\n\t\t\t\t<\/div>","protected":false},"excerpt":{"rendered":"<p>Welcome to Bali Life Body Care Bali Life Body Care originated in Ubud, which is located in the heart of Bali. Our mission is to share some of Bali&#8217;s exceptional traditions with our customers by enlisting the help of talented Balinese individuals who are devoted to preserving their culture and surroundings. Our exceptional packaging is &hellip; <a href=\"https:\/\/balilife-bodycare.com\/de\/about-us\/\" class=\"more-link\">Continue reading <span class=\"screen-reader-text\">\u00dcber Uns<\/span><\/a><\/p>","protected":false},"author":1,"featured_media":0,"parent":0,"menu_order":0,"comment_status":"closed","ping_status":"closed","template":"","meta":{"footnotes":""},"class_list":["post-27","page","type-page","status-publish","hentry"],"_links":{"self":[{"href":"https:\/\/balilife-bodycare.com\/de\/wp-json\/wp\/v2\/pages\/27","targetHints":{"allow":["GET"]}}],"collection":[{"href":"https:\/\/balilife-bodycare.com\/de\/wp-json\/wp\/v2\/pages"}],"about":[{"href":"https:\/\/balilife-bodycare.com\/de\/wp-json\/wp\/v2\/types\/page"}],"author":[{"embeddable":true,"href":"https:\/\/balilife-bodycare.com\/de\/wp-json\/wp\/v2\/users\/1"}],"replies":[{"embeddable":true,"href":"https:\/\/balilife-bodycare.com\/de\/wp-json\/wp\/v2\/comments?post=27"}],"version-history":[{"count":33,"href":"https:\/\/balilife-bodycare.com\/de\/wp-json\/wp\/v2\/pages\/27\/revisions"}],"predecessor-version":[{"id":5468,"href":"https:\/\/balilife-bodycare.com\/de\/wp-json\/wp\/v2\/pages\/27\/revisions\/5468"}],"wp:attachment":[{"href":"https:\/\/balilife-bodycare.com\/de\/wp-json\/wp\/v2\/media?parent=27"}],"curies":[{"name":"wp","href":"https:\/\/api.w.org\/{rel}","templated":true}]}}